{"id":36,"date":"2021-02-10T03:38:16","date_gmt":"2021-02-10T02:38:16","guid":{"rendered":"https:\/\/mac-rheinfelden.gugel-supports.com\/?page_id=36"},"modified":"2022-01-04T10:44:07","modified_gmt":"2022-01-04T09:44:07","slug":"startseite","status":"publish","type":"page","link":"https:\/\/mac-rheinfelden.gugel-supports.com\/","title":{"rendered":"Startseite"},"content":{"rendered":"<p>[et_pb_section fb_built=&#8220;1&#8243; _builder_version=&#8220;4.8.2&#8243; _module_preset=&#8220;default&#8220; background_color=&#8220;#b5b500&#8243; use_background_color_gradient=&#8220;on&#8220; background_color_gradient_start=&#8220;#ff8300&#8243; background_color_gradient_end=&#8220;#fffa00&#8243; background_color_gradient_direction=&#8220;30deg&#8220;][et_pb_row _builder_version=&#8220;4.8.2&#8243; _module_preset=&#8220;default&#8220;][et_pb_column type=&#8220;4_4&#8243; _builder_version=&#8220;4.8.2&#8243; _module_preset=&#8220;default&#8220;][et_pb_text _builder_version=&#8220;4.9.1&#8243; _module_preset=&#8220;default&#8220;]<\/p>\n<h1><strong>Herzlich Wilkommen im MAC Rheinfelden<\/strong><\/h1>\n<p>[\/et_pb_text][\/et_pb_column][\/et_pb_row][et_pb_row _builder_version=&#8220;4.8.2&#8243; _module_preset=&#8220;default&#8220;][et_pb_column type=&#8220;4_4&#8243; _builder_version=&#8220;4.8.2&#8243; _module_preset=&#8220;default&#8220;][et_pb_text _builder_version=&#8220;4.9.1&#8243; _module_preset=&#8220;default&#8220; text_text_color=&#8220;#000000&#8243; text_font_size=&#8220;16px&#8220;]<\/p>\n<p>M\u00f6chten sie lernen sich selbst und andere in Konfliktsituationen effektiv zu verteidigen?<\/p>\n<p>Wollen sie ihre k\u00f6rperliche Fitness verbessern?<\/p>\n<p>Suchen ein neues Hobby in freundlicher Atmosph\u00e4re?<\/p>\n<p>M\u00f6chten sie modernen Kampfsport oder traditionelle Kampfkunst erlenen?<\/p>\n<p>&nbsp;<\/p>\n<p><strong>Wenn sie mindestens eine dieser Fragen mit &#8222;Ja&#8220; beantworten, dann sind sie bei uns genau an der richten Adresse!<\/strong><\/p>\n<p>[\/et_pb_text][\/et_pb_column][\/et_pb_row][\/et_pb_section][et_pb_section fb_built=&#8220;1&#8243; _builder_version=&#8220;4.9.1&#8243; _module_preset=&#8220;default&#8220;][et_pb_row _builder_version=&#8220;4.9.1&#8243; _module_preset=&#8220;default&#8220; width=&#8220;100%&#8220; max_width=&#8220;1920px&#8220; module_alignment=&#8220;center&#8220;][et_pb_column type=&#8220;4_4&#8243; _builder_version=&#8220;4.8.2&#8243; _module_preset=&#8220;default&#8220;][et_pb_slider _builder_version=&#8220;4.9.6&#8243; _module_preset=&#8220;9ee52610-2a2b-43a8-941e-4cb0f9f0cf2e&#8220; hover_enabled=&#8220;0&#8243; sticky_enabled=&#8220;0&#8243;][et_pb_slide image=&#8220;https:\/\/mac-rheinfelden.gugel-supports.com\/wp-content\/uploads\/2021\/03\/Tobi_Oli_Boden.jpg&#8220; _builder_version=&#8220;4.9.6&#8243; _module_preset=&#8220;049d66c8-df7f-41d5-b633-9632af3ae4d3&#8243; body_font=&#8220;||||||||&#8220; body_font_size=&#8220;25px&#8220; body_line_height=&#8220;1.8em&#8220; body_link_font=&#8220;|600|||||||&#8220; hover_enabled=&#8220;0&#8243; sticky_transition=&#8220;on&#8220; sticky_enabled=&#8220;0&#8243;]<\/p>\n<p>Der Bodenkampf ist ein wichtiger Teil des Jiu-Jitsu. Wir behandeln ihn zwar nicht so intensiv wie bspw. das Brazilian Jiu-Jitsu (BJJ), welches sich fast ausschlie\u00dflich damit besch\u00e4ftigt, trotzdem ist er ein wichtiger Aspekt unseres Stils und jeder effektiven Selbstverteidigung.<\/p>\n<p>[\/et_pb_slide][et_pb_slide image=&#8220;https:\/\/mac-rheinfelden.gugel-supports.com\/wp-content\/uploads\/2021\/03\/IMG_8819-scaled.jpg&#8220; _builder_version=&#8220;4.9.6&#8243; _module_preset=&#8220;049d66c8-df7f-41d5-b633-9632af3ae4d3&#8243; custom_padding=&#8220;||||false|false&#8220; hover_enabled=&#8220;0&#8243; sticky_transition=&#8220;on&#8220; sticky_enabled=&#8220;0&#8243;]<\/p>\n<h2>Der Spa\u00df am Training kommt bei uns nie zu kurz!<\/h2>\n<p>[\/et_pb_slide][et_pb_slide image=&#8220;https:\/\/mac-rheinfelden.gugel-supports.com\/wp-content\/uploads\/2021\/03\/IMG_8712-scaled.jpg&#8220; _builder_version=&#8220;4.9.6&#8243; _module_preset=&#8220;049d66c8-df7f-41d5-b633-9632af3ae4d3&#8243; body_font_size=&#8220;25px&#8220; body_line_height=&#8220;1.8em&#8220; hover_enabled=&#8220;0&#8243; sticky_transition=&#8220;on&#8220; sticky_enabled=&#8220;0&#8243;]<\/p>\n<p>Nervendruckpunkte k\u00f6nnen in der Selbstverteidigung sehr effektiv genutzt werden um k\u00f6rperlich \u00fcberlegene Gegner zu kontrollieren.<br \/>Das Angreifen solcher empfindlichen Punkte ist ein fester Bestandteil unseres Jiu-Jitsu Stils.<\/p>\n<p>[\/et_pb_slide][et_pb_slide _builder_version=&#8220;4.9.6&#8243; _module_preset=&#8220;049d66c8-df7f-41d5-b633-9632af3ae4d3&#8243; hover_enabled=&#8220;0&#8243; sticky_transition=&#8220;on&#8220; sticky_enabled=&#8220;0&#8243;]<\/p>\n<p>Wir bieten Jiu-Jitsu f\u00fcr alle Altersgruppen und unsere Kindergruppen sind sehr beliebt. Suchen sie oder ihr Kind ein neues Hobby in dem man Spa\u00df hat und neue Freunde finden kann?<\/p>\n<p>Dann sind sie bei uns genau richtig, schauen sie doch mal vorbei!<\/p>\n<p>Hier gehts zu den Trainingsangeboten und Trainingszeiten<\/p>\n<p>[\/et_pb_slide][et_pb_slide _builder_version=&#8220;4.9.6&#8243; _module_preset=&#8220;049d66c8-df7f-41d5-b633-9632af3ae4d3&#8243; hover_enabled=&#8220;0&#8243; sticky_transition=&#8220;on&#8220; sticky_enabled=&#8220;0&#8243;]<\/p>\n<p>Your content goes here. Edit or remove this text inline or in the module Content settings. You can also style every aspect of this content in the module Design settings and even apply custom CSS to this text in the module Advanced settings.<\/p>\n<p>[\/et_pb_slide][\/et_pb_slider][\/et_pb_column][\/et_pb_row][\/et_pb_section]<\/p>\n","protected":false},"excerpt":{"rendered":"<p>[et_pb_section fb_built=&#8220;1&#8243; _builder_version=&#8220;4.8.2&#8243; _module_preset=&#8220;default&#8220; background_color=&#8220;#b5b500&#8243; use_background_color_gradient=&#8220;on&#8220; background_color_gradient_start=&#8220;#ff8300&#8243; background_color_gradient_end=&#8220;#fffa00&#8243; background_color_gradient_direction=&#8220;30deg&#8220;][et_pb_row _builder_version=&#8220;4.8.2&#8243; _module_preset=&#8220;default&#8220;][et_pb_column type=&#8220;4_4&#8243; _builder_version=&#8220;4.8.2&#8243; _module_preset=&#8220;default&#8220;][et_pb_text _builder_version=&#8220;4.9.1&#8243; _module_preset=&#8220;default&#8220;] Herzlich Wilkommen im MAC Rheinfelden [\/et_pb_text][\/et_pb_column][\/et_pb_row][et_pb_row _builder_version=&#8220;4.8.2&#8243; _module_preset=&#8220;default&#8220;][et_pb_column type=&#8220;4_4&#8243; _builder_version=&#8220;4.8.2&#8243; _module_preset=&#8220;default&#8220;][et_pb_text _builder_version=&#8220;4.9.1&#8243; _module_preset=&#8220;default&#8220; text_text_color=&#8220;#000000&#8243; text_font_size=&#8220;16px&#8220;] M\u00f6chten sie lernen sich selbst und andere in Konfliktsituationen effektiv zu verteidigen? Wollen sie ihre k\u00f6rperliche Fitness verbessern? Suchen ein neues Hobby in freundlicher [&hellip;]<\/p>\n","protected":false},"author":1,"featured_media":0,"parent":0,"menu_order":0,"comment_status":"closed","ping_status":"closed","template":"","meta":{"_et_pb_use_builder":"on","_et_pb_old_content":"","_et_gb_content_width":""},"_links":{"self":[{"href":"https:\/\/mac-rheinfelden.gugel-supports.com\/index.php\/wp-json\/wp\/v2\/pages\/36"}],"collection":[{"href":"https:\/\/mac-rheinfelden.gugel-supports.com\/index.php\/wp-json\/wp\/v2\/pages"}],"about":[{"href":"https:\/\/mac-rheinfelden.gugel-supports.com\/index.php\/wp-json\/wp\/v2\/types\/page"}],"author":[{"embeddable":true,"href":"https:\/\/mac-rheinfelden.gugel-supports.com\/index.php\/wp-json\/wp\/v2\/users\/1"}],"replies":[{"embeddable":true,"href":"https:\/\/mac-rheinfelden.gugel-supports.com\/index.php\/wp-json\/wp\/v2\/comments?post=36"}],"version-history":[{"count":18,"href":"https:\/\/mac-rheinfelden.gugel-supports.com\/index.php\/wp-json\/wp\/v2\/pages\/36\/revisions"}],"predecessor-version":[{"id":265,"href":"https:\/\/mac-rheinfelden.gugel-supports.com\/index.php\/wp-json\/wp\/v2\/pages\/36\/revisions\/265"}],"wp:attachment":[{"href":"https:\/\/mac-rheinfelden.gugel-supports.com\/index.php\/wp-json\/wp\/v2\/media?parent=36"}],"curies":[{"name":"wp","href":"https:\/\/api.w.org\/{rel}","templated":true}]}}