{"id":50,"date":"2021-02-14T03:33:41","date_gmt":"2021-02-14T02:33:41","guid":{"rendered":"https:\/\/mac-rheinfelden.gugel-supports.com\/?page_id=50"},"modified":"2021-03-16T12:53:48","modified_gmt":"2021-03-16T11:53:48","slug":"einblick-ins-mac","status":"publish","type":"page","link":"https:\/\/mac-rheinfelden.gugel-supports.com\/index.php\/einblick-ins-mac\/","title":{"rendered":"Einblick ins MAC"},"content":{"rendered":"<p>[et_pb_section fb_built=&#8220;1&#8243; _builder_version=&#8220;4.9.1&#8243; _module_preset=&#8220;default&#8220; background_color=&#8220;#7CDA24&#8243; use_background_color_gradient=&#8220;on&#8220; background_color_gradient_start=&#8220;#20cae8&#8243; background_color_gradient_direction=&#8220;45deg&#8220; top_divider_color=&#8220;#0C71C3&#8243; animation_style=&#8220;fade&#8220; hover_enabled=&#8220;0&#8243; global_module=&#8220;39&#8243; background__hover_enabled=&#8220;off|desktop&#8220; sticky_enabled=&#8220;0&#8243;][et_pb_row _builder_version=&#8220;4.8.2&#8243; _module_preset=&#8220;default&#8220;][et_pb_column type=&#8220;4_4&#8243; _builder_version=&#8220;4.8.2&#8243; _module_preset=&#8220;default&#8220;][et_pb_text _builder_version=&#8220;4.8.2&#8243; _module_preset=&#8220;default&#8220; text_font_size=&#8220;25px&#8220; text_text_shadow_style=&#8220;preset3&#8243;]<\/p>\n<p>Einblick ins MAC<\/p>\n<p>[\/et_pb_text][et_pb_text _builder_version=&#8220;4.8.2&#8243; _module_preset=&#8220;default&#8220; custom_padding=&#8220;21px|||||&#8220;]<\/p>\n<p><span>Das Martial Arts Center Rheinfelden existiert bereits seit 2005 und ist mit 250m\u00b2 eine der gr\u00f6ssten Kampfsportschulen in der Umgebung.<br \/>Neben der gro\u00dfen hellen Mattenfl\u00e4che existieren selbstverst\u00e4ndlich auch Umkleider\u00e4ume sowie stets saubere WC&#8217;s und Duschen.<\/span><\/p>\n<p>Wir bieten Ausbildung in verschiedenen Kampfsportarten \/ Kampfk\u00fcnsten an. Unabh\u00e4ngig davon ob ihr Fokus auf Selbstverteidigung, Fitness oder dem Erlernen traditioneller Kampfkunst liegt, bei uns werden sie f\u00fcndig!<\/p>\n<p>Besonderen Wert legen wir auf eine freundliche und lockere Atmosph\u00e4re in der sich jeder wohlf\u00fchlt, egal ob absoluter Neueinsteiger in der Welt des Kampfsports oder Veteran mit schwarzem G\u00fcrtel.<br \/><span>Kommen sie vorbei und \u00fcberzeugen sie sich selbst!<\/span><\/p>\n<p><span><\/span><\/p>\n<p>[\/et_pb_text][\/et_pb_column][\/et_pb_row][\/et_pb_section]<\/p>\n","protected":false},"excerpt":{"rendered":"<p>[et_pb_section fb_built=&#8220;1&#8243; _builder_version=&#8220;4.9.1&#8243; _module_preset=&#8220;default&#8220; background_color=&#8220;#7CDA24&#8243; use_background_color_gradient=&#8220;on&#8220; background_color_gradient_start=&#8220;#20cae8&#8243; background_color_gradient_direction=&#8220;45deg&#8220; top_divider_color=&#8220;#0C71C3&#8243; animation_style=&#8220;fade&#8220; hover_enabled=&#8220;0&#8243; global_module=&#8220;39&#8243; background__hover_enabled=&#8220;off|desktop&#8220; sticky_enabled=&#8220;0&#8243;][et_pb_row _builder_version=&#8220;4.8.2&#8243; _module_preset=&#8220;default&#8220;][et_pb_column type=&#8220;4_4&#8243; _builder_version=&#8220;4.8.2&#8243; _module_preset=&#8220;default&#8220;][et_pb_text _builder_version=&#8220;4.8.2&#8243; _module_preset=&#8220;default&#8220; text_font_size=&#8220;25px&#8220; text_text_shadow_style=&#8220;preset3&#8243;] Einblick ins MAC [\/et_pb_text][et_pb_text _builder_version=&#8220;4.8.2&#8243; _module_preset=&#8220;default&#8220; custom_padding=&#8220;21px|||||&#8220;] Das Martial Arts Center Rheinfelden existiert bereits seit 2005 und ist mit 250m\u00b2 eine der gr\u00f6ssten Kampfsportschulen in der Umgebung.Neben der gro\u00dfen hellen Mattenfl\u00e4che existieren [&hellip;]<\/p>\n","protected":false},"author":1,"featured_media":0,"parent":0,"menu_order":0,"comment_status":"closed","ping_status":"closed","template":"","meta":{"_et_pb_use_builder":"on","_et_pb_old_content":"","_et_gb_content_width":""},"_links":{"self":[{"href":"https:\/\/mac-rheinfelden.gugel-supports.com\/index.php\/wp-json\/wp\/v2\/pages\/50"}],"collection":[{"href":"https:\/\/mac-rheinfelden.gugel-supports.com\/index.php\/wp-json\/wp\/v2\/pages"}],"about":[{"href":"https:\/\/mac-rheinfelden.gugel-supports.com\/index.php\/wp-json\/wp\/v2\/types\/page"}],"author":[{"embeddable":true,"href":"https:\/\/mac-rheinfelden.gugel-supports.com\/index.php\/wp-json\/wp\/v2\/users\/1"}],"replies":[{"embeddable":true,"href":"https:\/\/mac-rheinfelden.gugel-supports.com\/index.php\/wp-json\/wp\/v2\/comments?post=50"}],"version-history":[{"count":6,"href":"https:\/\/mac-rheinfelden.gugel-supports.com\/index.php\/wp-json\/wp\/v2\/pages\/50\/revisions"}],"predecessor-version":[{"id":192,"href":"https:\/\/mac-rheinfelden.gugel-supports.com\/index.php\/wp-json\/wp\/v2\/pages\/50\/revisions\/192"}],"wp:attachment":[{"href":"https:\/\/mac-rheinfelden.gugel-supports.com\/index.php\/wp-json\/wp\/v2\/media?parent=50"}],"curies":[{"name":"wp","href":"https:\/\/api.w.org\/{rel}","templated":true}]}}