{"id":98,"date":"2021-02-14T06:35:25","date_gmt":"2021-02-14T05:35:25","guid":{"rendered":"https:\/\/mac-rheinfelden.gugel-supports.com\/?page_id=98"},"modified":"2022-01-04T14:40:38","modified_gmt":"2022-01-04T13:40:38","slug":"trainer","status":"publish","type":"page","link":"https:\/\/mac-rheinfelden.gugel-supports.com\/index.php\/trainer\/","title":{"rendered":"Trainer"},"content":{"rendered":"<p>[et_pb_section fb_built=&#8220;1&#8243; _builder_version=&#8220;4.8.2&#8243; _module_preset=&#8220;default&#8220; background_enable_color=&#8220;off&#8220; use_background_color_gradient=&#8220;on&#8220; background_color_gradient_start=&#8220;#e02b20&#8243; background_color_gradient_end=&#8220;#e09900&#8243; background_color_gradient_direction=&#8220;45deg&#8220; top_divider_color=&#8220;#0C71C3&#8243; animation_style=&#8220;fade&#8220; hover_enabled=&#8220;0&#8243; background__hover_enabled=&#8220;off|desktop&#8220; sticky_enabled=&#8220;0&#8243;][et_pb_row _builder_version=&#8220;4.8.2&#8243; _module_preset=&#8220;default&#8220;][et_pb_column type=&#8220;4_4&#8243; _builder_version=&#8220;4.8.2&#8243; _module_preset=&#8220;default&#8220;][et_pb_text _builder_version=&#8220;4.9.1&#8243; _module_preset=&#8220;default&#8220; text_text_color=&#8220;#000000&#8243; text_font_size=&#8220;30px&#8220; min_height=&#8220;45px&#8220; text_text_shadow_style=&#8220;preset3&#8243;]<\/p>\n<p>Die Trainer des MAC Rheinfelden<\/p>\n<p>[\/et_pb_text][et_pb_text _builder_version=&#8220;4.8.2&#8243; _module_preset=&#8220;default&#8220;]<\/p>\n<p><span style=\"color: #0a0a0a; font-size: medium;\">Wir stellen ihnen hier die Trainer des MAC Rheinfelden vor.<\/span><\/p>\n<p><span style=\"color: #0a0a0a; font-size: medium;\">Diese verstehen sich nicht nur auf ihre jeweiligen Kampfsportarten \/ Kampfk\u00fcnste, sondern haben auch viel Erfahrung damit\u00a0 ihr Wissen zu vermitteln. Wir versuchen stets alle Sch\u00fclerinnen und Sch\u00fclern dazu zu bringen das Beste aus sich herauszuholen und das jeweilige Potential voll auszusch\u00f6pfen.<\/span><\/p>\n<p><span style=\"color: #0a0a0a; font-size: medium;\">Schenken sie den Trainern ihre Aufmerksamkeit und Motivation und sie werden es nicht bereuen!<\/span><\/p>\n<p><span style=\"color: #0a0a0a; font-size: medium;\">\u00a0<\/span><\/p>\n<p>[\/et_pb_text][\/et_pb_column][\/et_pb_row][\/et_pb_section][et_pb_section fb_built=&#8220;1&#8243; fullwidth=&#8220;on&#8220; _builder_version=&#8220;4.9.1&#8243; _module_preset=&#8220;default&#8220; background_color=&#8220;#FFFFFF&#8220;][et_pb_fullwidth_slider arrows_custom_color=&#8220;#000000&#8243; dot_nav_custom_color=&#8220;#000000&#8243; _builder_version=&#8220;4.9.6&#8243; _module_preset=&#8220;default&#8220; background_color=&#8220;#FFFFFF&#8220; custom_padding=&#8220;||279px|||&#8220; border_radii_image=&#8220;on|10px|10px|10px|10px&#8220;][et_pb_slide heading=&#8220;Hanshi Oliver Gugel&#8220; image=&#8220;https:\/\/mac-rheinfelden.gugel-supports.com\/wp-content\/uploads\/2021\/03\/oli.png&#8220; heading_tablet=&#8220;&#8220; heading_phone=&#8220;&#8220; heading_last_edited=&#8220;on|desktop&#8220; _builder_version=&#8220;4.9.6&#8243; _module_preset=&#8220;default&#8220; header_level=&#8220;h2&#8243; header_font=&#8220;||||||||&#8220; header_text_color=&#8220;#000000&#8243; header_font_size=&#8220;50px&#8220; body_font=&#8220;||||||||&#8220; width=&#8220;50%&#8220; max_width=&#8220;100%&#8220; custom_padding=&#8220;100px|0px|100px|0px|false|false&#8220; border_radii_image=&#8220;on|30px|30px|30px|30px&#8220; heading__hover_enabled=&#8220;on|desktop&#8220; sticky_transition=&#8220;on&#8220;]<\/p>\n<p style=\"text-align: left;\"><span style=\"color: #000000;\">Als Gr\u00fcnder und Inhaber des MAC Rheinfelden ist Oli der Boss im Dojo.<\/span><\/p>\n<p style=\"text-align: left;\"><span style=\"color: #000000;\">Mit \u00fcber 30 Jahren Kampfsporterfahrung ist er Chef-Trainer in den Bereichen Jiu-Jitsu, Yaku-Kobu-Jitsu, Ken-Jutsu und Bogenschiessen.<\/span><\/p>\n<p style=\"text-align: left;\"><span style=\"color: #000000;\">Zum Kampfsport \/ Kampfkunst fand er \u00fcber seinen Onkel, Alfred Gugel, welcher seinerzeit ein Dojo in L\u00f6rrach geleitet hat und als einer des besten Jiu-Jitsu Meister in Deutschland und Europa galt.<\/span><\/p>\n<p style=\"text-align: left;\"><span style=\"color: #000000;\">Oli ist neben seinen Aufgaben im Dojo auch international t\u00e4tig.<br \/>Als Gr\u00fcnder der International Black Belt Association (IBBA), kann man ihn als Referent\/Ausbilder auf der ganzen Welt sehen.<\/span><span style=\"font-size: 14px; color: #000000;\"><\/span><\/p>\n<p style=\"text-align: left;\"><span style=\"color: #000000;\"><\/span><\/p>\n<p style=\"text-align: left;\"><span style=\"color: #000000;\"><\/span><\/p>\n<p style=\"text-align: left;\"><span style=\"color: #000000;\">Graduierungen:<\/span><\/p>\n<p style=\"text-align: left;\"><span style=\"color: #000000;\">8. Dan Koppo-Ryu Jiu-Jitsu<\/span><\/p>\n<p style=\"text-align: left;\"><span style=\"color: #000000;\">6. Dan Yaku-Kobu-Jitsu<\/span><\/p>\n<p style=\"text-align: left;\"><span style=\"color: #000000;\">1. Dan Yamabushi Ryu Kenjutsu<\/span><\/p>\n<p>[\/et_pb_slide][et_pb_slide heading=&#8220;Renshi Giovanni Landi&#8220; image=&#8220;https:\/\/mac-rheinfelden.gugel-supports.com\/wp-content\/uploads\/2021\/02\/Bitmap3.jpg&#8220; _builder_version=&#8220;4.9.6&#8243; _module_preset=&#8220;default&#8220; header_text_color=&#8220;#000000&#8243; body_text_color=&#8220;#000000&#8243; width=&#8220;66%&#8220; custom_padding=&#8220;100px|0px|100px|0px|false|false&#8220; sticky_transition=&#8220;on&#8220;]<\/p>\n<p>Giovanni ist ein echter Veteran des Jiu-Jitsu und hat den Kampfsport zusammen mit Oliver Gugel gelernt. Obwohl er gro\u00df und kr\u00e4ftig ist, hat er ein Auge f\u00fcr Details die nur den allerwenigsten Leuten auffallen. So schafft er es jedem beizubringen wie man mit schmerzhaften Tricks auch deutlich gr\u00f6\u00dfere und st\u00e4rkere Gegner unter Kontrolle bringt.<\/p>\n<p>Neben dem Jiu-Jitsu ist Giovanni ein leidenschaftlicher Sportsch\u00fctze und Experte in Punkto Schusswaffen. Von klein bis gro\u00df, halb- oder vollautomatisch, er kennt sich mit allen Waffen aus. Au\u00dferdem hat er auch schon mehrfach tolle Vortr\u00e4ge \u00fcber Waffen-Sachkunde und \u00e4hnliches gehalten, bspw. bei Seminaren mit dem Schweizer Grenzwachchor in Liestal.<\/p>\n<p>&nbsp;<\/p>\n<p>Graduierungen:<\/p>\n<p>4. Dan Koppo Ryu Jiu-Jitsu<\/p>\n<p>X. Dan Yaku-Kobu-Jitsu<\/p>\n<p>[\/et_pb_slide][et_pb_slide heading=&#8220;Sensei Tobias Klingert&#8220; image=&#8220;https:\/\/mac-rheinfelden.gugel-supports.com\/wp-content\/uploads\/2021\/03\/69068697_2359389607441537_5204806364756443136_o.jpg&#8220; _builder_version=&#8220;4.9.6&#8243; _module_preset=&#8220;default&#8220; header_text_color=&#8220;#000000&#8243; header_font_size=&#8220;48px&#8220; body_text_color=&#8220;#000000&#8243; width=&#8220;62%&#8220; custom_padding=&#8220;100px|0px|100px|0px|false|false&#8220; border_radii_image=&#8220;on|30px|30px|30px|30px&#8220; sticky_transition=&#8220;on&#8220;]<\/p>\n<p>Tobi trainiert nun schon seit vielen Jahren im MAC Rheinfelden und hat sich zu einem guten Trainer entwickelt.<\/p>\n<p>Nach dem langj\u00e4hrigen Einsatz als Trainer f\u00fcr diverse Kindergruppen im Jiu-Jitsu, sowie im Bereich Yamabushi-Ryu Kenjutsu, ist er nun f\u00fcr einen Teil der Erwachsenengruppen im Jiu-Jitsu sowie f\u00fcr die Fitness- und F\u00f6rdergruppen zust\u00e4ndig.<\/p>\n<p>Sein Stil ist offensiver ausgelegt, mit einem Fokus auf Schlag- und Tritttechniken. Inspiration liefern dabei andere Kampfsportarten wie Kick- und Thaiboxen.<\/p>\n<p>&nbsp;<\/p>\n<p>Graduierungen:<\/p>\n<p>2. Dan Koppo Ryu Jiu-Jitsu<\/p>\n<p>1. Kyu Yamabushi Ryu Kenjutsu<\/p>\n<p>2. Kyu Guntai Ryu Jiu-Jitsu<\/p>\n<p>X. Kyu Yaku-Kobu-Jitsu<\/p>\n<p>[\/et_pb_slide][et_pb_slide heading=&#8220;Sensei Niclas Gugel&#8220; image=&#8220;https:\/\/mac-rheinfelden.gugel-supports.com\/wp-content\/uploads\/2021\/03\/Niclas_1-1.jpg&#8220; _builder_version=&#8220;4.9.6&#8243; _module_preset=&#8220;default&#8220; header_text_color=&#8220;#000000&#8243; header_font_size=&#8220;48px&#8220; body_text_color=&#8220;#000000&#8243; width=&#8220;58%&#8220; custom_padding=&#8220;100px|0px|100px|0px|false|false&#8220; border_radii_image=&#8220;on|30px|30px|30px|30px&#8220; sticky_transition=&#8220;on&#8220;]<\/p>\n<p>Als Sohn vom Chef hat Niclas schon fr\u00fch mit dem Jiu-Jitsu angefangen. Das merkt man ihm heute an, da er technisch ein absoluter K\u00f6nner ist. Egal ob es um Block-, Schlag-, Wurf- oder Grifftechniken geht, er begeistert stets mit absolut korrekter Technik.<\/p>\n<p>Heute ist er f\u00fcr einen gro\u00dfen Teil der Kindergruppen zust\u00e4ndig und leitet diese mit viel Freude und Witz.<\/p>\n<p>Neben dem Jiu-Jitsu ist er sportlich im Outdoor- und Turn-Bereich aktiv und man sieht ihn h\u00e4ufig auf einer Slackline balancieren oder akrobatische Kunsst\u00fccke \u00fcben.<\/p>\n<p>&nbsp;<\/p>\n<p>Graduierungen:<\/p>\n<p>2. Dan Koppo Ryu Jiu Jitsu<\/p>\n<p>X. Kyu Yaku-Kobu-Jitsu<\/p>\n<p>[\/et_pb_slide][et_pb_slide heading=&#8220;Senpai Jannis Rosa&#8220; image=&#8220;https:\/\/mac-rheinfelden.gugel-supports.com\/wp-content\/uploads\/2022\/01\/Jannis.jpg&#8220; _builder_version=&#8220;4.9.6&#8243; _module_preset=&#8220;default&#8220; header_text_color=&#8220;#000000&#8243; header_font_size=&#8220;48px&#8220; body_text_color=&#8220;#000000&#8243; width=&#8220;62%&#8220; custom_padding=&#8220;100px|0px|100px|0px|false|false&#8220; border_radii_image=&#8220;on|30px|30px|30px|30px&#8220; sticky_transition=&#8220;on&#8220;]<\/p>\n<p>Jannis ist der neueste Zugang des Trainer-Teams im MAC Rheinfelden. Er tr\u00e4gt den Titel eines Senpai, was einem Assistenz-Trainers entspricht.<\/p>\n<p>Durch gro\u00dfe Motivation hat er es innerhalb weniger Jahre geschafft ein guter Kampfk\u00fcnstler zu werden.<br \/>Wir sind fest davon \u00fcberzeugt, dass seine Reise\u00a0 in der Welt des Kampfsports hier noch lange nicht zu Ende ist.<\/p>\n<p>&nbsp;<\/p>\n<p>Graduierungen:<\/p>\n<p>3. Kyu Koppo Ryu Jiu Jitsu (Blaugurt)<\/p>\n<p>[\/et_pb_slide][\/et_pb_fullwidth_slider][\/et_pb_section]<\/p>\n","protected":false},"excerpt":{"rendered":"<p>[et_pb_section fb_built=&#8220;1&#8243; _builder_version=&#8220;4.8.2&#8243; _module_preset=&#8220;default&#8220; background_enable_color=&#8220;off&#8220; use_background_color_gradient=&#8220;on&#8220; background_color_gradient_start=&#8220;#e02b20&#8243; background_color_gradient_end=&#8220;#e09900&#8243; background_color_gradient_direction=&#8220;45deg&#8220; top_divider_color=&#8220;#0C71C3&#8243; animation_style=&#8220;fade&#8220; hover_enabled=&#8220;0&#8243; background__hover_enabled=&#8220;off|desktop&#8220; sticky_enabled=&#8220;0&#8243;][et_pb_row _builder_version=&#8220;4.8.2&#8243; _module_preset=&#8220;default&#8220;][et_pb_column type=&#8220;4_4&#8243; _builder_version=&#8220;4.8.2&#8243; _module_preset=&#8220;default&#8220;][et_pb_text _builder_version=&#8220;4.9.1&#8243; _module_preset=&#8220;default&#8220; text_text_color=&#8220;#000000&#8243; text_font_size=&#8220;30px&#8220; min_height=&#8220;45px&#8220; text_text_shadow_style=&#8220;preset3&#8243;] Die Trainer des MAC Rheinfelden [\/et_pb_text][et_pb_text _builder_version=&#8220;4.8.2&#8243; _module_preset=&#8220;default&#8220;] Wir stellen ihnen hier die Trainer des MAC Rheinfelden vor. Diese verstehen sich nicht nur auf ihre jeweiligen Kampfsportarten \/ Kampfk\u00fcnste, sondern [&hellip;]<\/p>\n","protected":false},"author":1,"featured_media":0,"parent":0,"menu_order":0,"comment_status":"closed","ping_status":"closed","template":"","meta":{"_et_pb_use_builder":"on","_et_pb_old_content":"","_et_gb_content_width":""},"_links":{"self":[{"href":"https:\/\/mac-rheinfelden.gugel-supports.com\/index.php\/wp-json\/wp\/v2\/pages\/98"}],"collection":[{"href":"https:\/\/mac-rheinfelden.gugel-supports.com\/index.php\/wp-json\/wp\/v2\/pages"}],"about":[{"href":"https:\/\/mac-rheinfelden.gugel-supports.com\/index.php\/wp-json\/wp\/v2\/types\/page"}],"author":[{"embeddable":true,"href":"https:\/\/mac-rheinfelden.gugel-supports.com\/index.php\/wp-json\/wp\/v2\/users\/1"}],"replies":[{"embeddable":true,"href":"https:\/\/mac-rheinfelden.gugel-supports.com\/index.php\/wp-json\/wp\/v2\/comments?post=98"}],"version-history":[{"count":13,"href":"https:\/\/mac-rheinfelden.gugel-supports.com\/index.php\/wp-json\/wp\/v2\/pages\/98\/revisions"}],"predecessor-version":[{"id":276,"href":"https:\/\/mac-rheinfelden.gugel-supports.com\/index.php\/wp-json\/wp\/v2\/pages\/98\/revisions\/276"}],"wp:attachment":[{"href":"https:\/\/mac-rheinfelden.gugel-supports.com\/index.php\/wp-json\/wp\/v2\/media?parent=98"}],"curies":[{"name":"wp","href":"https:\/\/api.w.org\/{rel}","templated":true}]}}